{"id":18118,"date":"2025-12-15T18:34:08","date_gmt":"2025-12-15T21:34:08","guid":{"rendered":"https:\/\/obenboppbrasil.com\/es\/?page_id=18118"},"modified":"2025-12-15T18:38:51","modified_gmt":"2025-12-15T21:38:51","slug":"novedad","status":"publish","type":"page","link":"https:\/\/obenboppbrasil.com\/es\/novedad\/","title":{"rendered":"!Novedad!"},"content":{"rendered":"\t\t<div data-elementor-type=\"wp-page\" data-elementor-id=\"18118\" class=\"elementor elementor-18118\" data-elementor-post-type=\"page\">\n\t\t\t\t<div class=\"elementor-element elementor-element-6a0b676 e-flex e-con-boxed e-con e-parent\" data-id=\"6a0b676\" data-element_type=\"container\" data-e-type=\"container\">\n\t\t\t\t\t<div class=\"e-con-inner\">\n\t\t<div class=\"elementor-element elementor-element-7b6f74d e-con-full e-flex e-con e-child\" data-id=\"7b6f74d\" data-element_type=\"container\" data-e-type=\"container\" data-settings=\"{&quot;background_background&quot;:&quot;classic&quot;}\">\n\t\t\t\t<div class=\"elementor-element elementor-element-df967d9 elementor-widget elementor-widget-image\" data-id=\"df967d9\" data-element_type=\"widget\" data-e-type=\"widget\" data-widget_type=\"image.default\">\n\t\t\t\t<div class=\"elementor-widget-container\">\n\t\t\t\t\t\t\t\t\t\t\t\t\t\t\t<img fetchpriority=\"high\" decoding=\"async\" width=\"600\" height=\"300\" src=\"https:\/\/obenboppbrasil.com\/es\/wp-content\/uploads\/2025\/11\/novidade-es.jpg\" class=\"attachment-large size-large wp-image-17858\" alt=\"\" srcset=\"https:\/\/obenboppbrasil.com\/es\/wp-content\/uploads\/2025\/11\/novidade-es.jpg 600w, https:\/\/obenboppbrasil.com\/es\/wp-content\/uploads\/2025\/11\/novidade-es-300x150.jpg 300w\" sizes=\"(max-width: 600px) 100vw, 600px\" \/>\t\t\t\t\t\t\t\t\t\t\t\t\t\t\t<\/div>\n\t\t\t\t<\/div>\n\t\t\t\t<\/div>\n\t\t<div class=\"elementor-element elementor-element-c0a28cc e-con-full e-flex e-con e-child\" data-id=\"c0a28cc\" data-element_type=\"container\" data-e-type=\"container\">\n\t\t\t\t<div class=\"elementor-element elementor-element-ebfae1e elementor-widget elementor-widget-heading\" data-id=\"ebfae1e\" data-element_type=\"widget\" data-e-type=\"widget\" data-widget_type=\"heading.default\">\n\t\t\t\t<div class=\"elementor-widget-container\">\n\t\t\t\t\t<h2 class=\"elementor-heading-title elementor-size-default\">!Novedad!<\/h2>\t\t\t\t<\/div>\n\t\t\t\t<\/div>\n\t\t\t\t<\/div>\n\t\t\t\t\t<\/div>\n\t\t\t\t<\/div>\n\t\t<div class=\"elementor-element elementor-element-8ede05b e-flex e-con-boxed e-con e-parent\" data-id=\"8ede05b\" data-element_type=\"container\" data-e-type=\"container\">\n\t\t\t\t\t<div class=\"e-con-inner\">\n\t\t\t\t<div class=\"elementor-element elementor-element-19af6da elementor-widget elementor-widget-text-editor\" data-id=\"19af6da\" data-element_type=\"widget\" data-e-type=\"widget\" data-widget_type=\"text-editor.default\">\n\t\t\t\t<div class=\"elementor-widget-container\">\n\t\t\t\t\t\t\t\t\t<p>El Oben Group informa que la Superintendencia General del CADE (Consejo Administrativo de Defensa Econ\u00f3mica) ha aprobado sin restricciones la adquisici\u00f3n del 100% de Vitopel do Brasil Ltda. por parte del Oben Group.<\/p><p>Tras la decisi\u00f3n publicada el 13 de junio de 2025, las partes esperan el vencimiento del plazo legal de 15 (quince) d\u00edas para que la sentencia quede firme, de conformidad con la legislaci\u00f3n aplicable, para concluir la transacci\u00f3n.<\/p><p>El Oben Group confirma el mantenimiento de sus operaciones habituales, sin cambios para sus clientes, proveedores y empleados, buscando el beneficio com\u00fan, seg\u00fan lo previsto en la transacci\u00f3n.<\/p>\t\t\t\t\t\t\t\t<\/div>\n\t\t\t\t<\/div>\n\t\t\t\t\t<\/div>\n\t\t\t\t<\/div>\n\t\t\t\t<\/div>\n\t\t","protected":false},"excerpt":{"rendered":"<p>El Oben Group informa que la Superintendencia General del CADE (Consejo Administrativo de Defensa Econ\u00f3mica) ha aprobado sin restricciones la adquisici\u00f3n del 100% de Vitopel do Brasil Ltda. por parte del Oben Group. Tras la decisi\u00f3n publicada el 13 de junio de 2025, las partes esperan el vencimiento del plazo legal de 15 (quince) d\u00edas [&hellip;]<\/p>\n","protected":false},"author":1,"featured_media":0,"parent":0,"menu_order":0,"comment_status":"closed","ping_status":"closed","template":"","meta":{"_acf_changed":false,"footnotes":""},"class_list":["post-18118","page","type-page","status-publish","hentry"],"acf":[],"yoast_head":"<!-- This site is optimized with the Yoast SEO plugin v27.5 - https:\/\/yoast.com\/product\/yoast-seo-wordpress\/ -->\n<title>!Novedad! - Oben Group<\/title>\n<meta name=\"robots\" content=\"index, follow, max-snippet:-1, max-image-preview:large, max-video-preview:-1\" \/>\n<link rel=\"canonical\" href=\"https:\/\/obenboppbrasil.com\/es\/novedad\/\" \/>\n<meta property=\"og:locale\" content=\"pt_BR\" \/>\n<meta property=\"og:type\" content=\"article\" \/>\n<meta property=\"og:title\" content=\"!Novedad! - Oben Group\" \/>\n<meta property=\"og:description\" content=\"El Oben Group informa que la Superintendencia General del CADE (Consejo Administrativo de Defensa Econ\u00f3mica) ha aprobado sin restricciones la adquisici\u00f3n del 100% de Vitopel do Brasil Ltda. por parte del Oben Group. Tras la decisi\u00f3n publicada el 13 de junio de 2025, las partes esperan el vencimiento del plazo legal de 15 (quince) d\u00edas [&hellip;]\" \/>\n<meta property=\"og:url\" content=\"https:\/\/obenboppbrasil.com\/es\/novedad\/\" \/>\n<meta property=\"og:site_name\" content=\"Oben Group\" \/>\n<meta property=\"article:publisher\" content=\"https:\/\/www.facebook.com\/vitopelbopp\/\" \/>\n<meta property=\"article:modified_time\" content=\"2025-12-15T21:38:51+00:00\" \/>\n<meta property=\"og:image\" content=\"https:\/\/obenboppbrasil.com\/es\/wp-content\/uploads\/2025\/11\/novidade-es.jpg\" \/>\n\t<meta property=\"og:image:width\" content=\"600\" \/>\n\t<meta property=\"og:image:height\" content=\"300\" \/>\n\t<meta property=\"og:image:type\" content=\"image\/jpeg\" \/>\n<meta name=\"twitter:card\" content=\"summary_large_image\" \/>\n<meta name=\"twitter:label1\" content=\"Est. tempo de leitura\" \/>\n\t<meta name=\"twitter:data1\" content=\"1 minuto\" \/>\n<script type=\"application\/ld+json\" class=\"yoast-schema-graph\">{\"@context\":\"https:\\\/\\\/schema.org\",\"@graph\":[{\"@type\":\"WebPage\",\"@id\":\"https:\\\/\\\/obenboppbrasil.com\\\/es\\\/novedad\\\/\",\"url\":\"https:\\\/\\\/obenboppbrasil.com\\\/es\\\/novedad\\\/\",\"name\":\"!Novedad! - Oben Group\",\"isPartOf\":{\"@id\":\"https:\\\/\\\/obenboppbrasil.com\\\/es\\\/#website\"},\"primaryImageOfPage\":{\"@id\":\"https:\\\/\\\/obenboppbrasil.com\\\/es\\\/novedad\\\/#primaryimage\"},\"image\":{\"@id\":\"https:\\\/\\\/obenboppbrasil.com\\\/es\\\/novedad\\\/#primaryimage\"},\"thumbnailUrl\":\"https:\\\/\\\/obenboppbrasil.com\\\/es\\\/wp-content\\\/uploads\\\/2025\\\/11\\\/novidade-es.jpg\",\"datePublished\":\"2025-12-15T21:34:08+00:00\",\"dateModified\":\"2025-12-15T21:38:51+00:00\",\"breadcrumb\":{\"@id\":\"https:\\\/\\\/obenboppbrasil.com\\\/es\\\/novedad\\\/#breadcrumb\"},\"inLanguage\":\"pt-BR\",\"potentialAction\":[{\"@type\":\"ReadAction\",\"target\":[\"https:\\\/\\\/obenboppbrasil.com\\\/es\\\/novedad\\\/\"]}]},{\"@type\":\"ImageObject\",\"inLanguage\":\"pt-BR\",\"@id\":\"https:\\\/\\\/obenboppbrasil.com\\\/es\\\/novedad\\\/#primaryimage\",\"url\":\"https:\\\/\\\/obenboppbrasil.com\\\/es\\\/wp-content\\\/uploads\\\/2025\\\/11\\\/novidade-es.jpg\",\"contentUrl\":\"https:\\\/\\\/obenboppbrasil.com\\\/es\\\/wp-content\\\/uploads\\\/2025\\\/11\\\/novidade-es.jpg\",\"width\":600,\"height\":300},{\"@type\":\"BreadcrumbList\",\"@id\":\"https:\\\/\\\/obenboppbrasil.com\\\/es\\\/novedad\\\/#breadcrumb\",\"itemListElement\":[{\"@type\":\"ListItem\",\"position\":1,\"name\":\"In\u00edcio\",\"item\":\"https:\\\/\\\/obenboppbrasil.com\\\/es\\\/\"},{\"@type\":\"ListItem\",\"position\":2,\"name\":\"!Novedad!\"}]},{\"@type\":\"WebSite\",\"@id\":\"https:\\\/\\\/obenboppbrasil.com\\\/es\\\/#website\",\"url\":\"https:\\\/\\\/obenboppbrasil.com\\\/es\\\/\",\"name\":\"Vitopel\",\"description\":\"\",\"publisher\":{\"@id\":\"https:\\\/\\\/obenboppbrasil.com\\\/es\\\/#organization\"},\"potentialAction\":[{\"@type\":\"SearchAction\",\"target\":{\"@type\":\"EntryPoint\",\"urlTemplate\":\"https:\\\/\\\/obenboppbrasil.com\\\/es\\\/?s={search_term_string}\"},\"query-input\":{\"@type\":\"PropertyValueSpecification\",\"valueRequired\":true,\"valueName\":\"search_term_string\"}}],\"inLanguage\":\"pt-BR\"},{\"@type\":\"Organization\",\"@id\":\"https:\\\/\\\/obenboppbrasil.com\\\/es\\\/#organization\",\"name\":\"Vitopel\",\"url\":\"https:\\\/\\\/obenboppbrasil.com\\\/es\\\/\",\"logo\":{\"@type\":\"ImageObject\",\"inLanguage\":\"pt-BR\",\"@id\":\"https:\\\/\\\/obenboppbrasil.com\\\/es\\\/#\\\/schema\\\/logo\\\/image\\\/\",\"url\":\"https:\\\/\\\/obengroup.o2ew.com\\\/es\\\/wp-content\\\/uploads\\\/2023\\\/10\\\/cropped-cropped-favico-180x180-1.png\",\"contentUrl\":\"https:\\\/\\\/obengroup.o2ew.com\\\/es\\\/wp-content\\\/uploads\\\/2023\\\/10\\\/cropped-cropped-favico-180x180-1.png\",\"width\":512,\"height\":512,\"caption\":\"Vitopel\"},\"image\":{\"@id\":\"https:\\\/\\\/obenboppbrasil.com\\\/es\\\/#\\\/schema\\\/logo\\\/image\\\/\"},\"sameAs\":[\"https:\\\/\\\/www.facebook.com\\\/vitopelbopp\\\/\",\"https:\\\/\\\/www.instagram.com\\\/vitopel_bopp\\\/\",\"https:\\\/\\\/www.linkedin.com\\\/company\\\/vitopelbopp\\\/?viewAsMember=true\"]}]}<\/script>\n<!-- \/ Yoast SEO plugin. -->","yoast_head_json":{"title":"!Novedad! - Oben Group","robots":{"index":"index","follow":"follow","max-snippet":"max-snippet:-1","max-image-preview":"max-image-preview:large","max-video-preview":"max-video-preview:-1"},"canonical":"https:\/\/obenboppbrasil.com\/es\/novedad\/","og_locale":"pt_BR","og_type":"article","og_title":"!Novedad! - Oben Group","og_description":"El Oben Group informa que la Superintendencia General del CADE (Consejo Administrativo de Defensa Econ\u00f3mica) ha aprobado sin restricciones la adquisici\u00f3n del 100% de Vitopel do Brasil Ltda. por parte del Oben Group. Tras la decisi\u00f3n publicada el 13 de junio de 2025, las partes esperan el vencimiento del plazo legal de 15 (quince) d\u00edas [&hellip;]","og_url":"https:\/\/obenboppbrasil.com\/es\/novedad\/","og_site_name":"Oben Group","article_publisher":"https:\/\/www.facebook.com\/vitopelbopp\/","article_modified_time":"2025-12-15T21:38:51+00:00","og_image":[{"width":600,"height":300,"url":"https:\/\/obenboppbrasil.com\/es\/wp-content\/uploads\/2025\/11\/novidade-es.jpg","type":"image\/jpeg"}],"twitter_card":"summary_large_image","twitter_misc":{"Est. tempo de leitura":"1 minuto"},"schema":{"@context":"https:\/\/schema.org","@graph":[{"@type":"WebPage","@id":"https:\/\/obenboppbrasil.com\/es\/novedad\/","url":"https:\/\/obenboppbrasil.com\/es\/novedad\/","name":"!Novedad! - Oben Group","isPartOf":{"@id":"https:\/\/obenboppbrasil.com\/es\/#website"},"primaryImageOfPage":{"@id":"https:\/\/obenboppbrasil.com\/es\/novedad\/#primaryimage"},"image":{"@id":"https:\/\/obenboppbrasil.com\/es\/novedad\/#primaryimage"},"thumbnailUrl":"https:\/\/obenboppbrasil.com\/es\/wp-content\/uploads\/2025\/11\/novidade-es.jpg","datePublished":"2025-12-15T21:34:08+00:00","dateModified":"2025-12-15T21:38:51+00:00","breadcrumb":{"@id":"https:\/\/obenboppbrasil.com\/es\/novedad\/#breadcrumb"},"inLanguage":"pt-BR","potentialAction":[{"@type":"ReadAction","target":["https:\/\/obenboppbrasil.com\/es\/novedad\/"]}]},{"@type":"ImageObject","inLanguage":"pt-BR","@id":"https:\/\/obenboppbrasil.com\/es\/novedad\/#primaryimage","url":"https:\/\/obenboppbrasil.com\/es\/wp-content\/uploads\/2025\/11\/novidade-es.jpg","contentUrl":"https:\/\/obenboppbrasil.com\/es\/wp-content\/uploads\/2025\/11\/novidade-es.jpg","width":600,"height":300},{"@type":"BreadcrumbList","@id":"https:\/\/obenboppbrasil.com\/es\/novedad\/#breadcrumb","itemListElement":[{"@type":"ListItem","position":1,"name":"In\u00edcio","item":"https:\/\/obenboppbrasil.com\/es\/"},{"@type":"ListItem","position":2,"name":"!Novedad!"}]},{"@type":"WebSite","@id":"https:\/\/obenboppbrasil.com\/es\/#website","url":"https:\/\/obenboppbrasil.com\/es\/","name":"Vitopel","description":"","publisher":{"@id":"https:\/\/obenboppbrasil.com\/es\/#organization"},"potentialAction":[{"@type":"SearchAction","target":{"@type":"EntryPoint","urlTemplate":"https:\/\/obenboppbrasil.com\/es\/?s={search_term_string}"},"query-input":{"@type":"PropertyValueSpecification","valueRequired":true,"valueName":"search_term_string"}}],"inLanguage":"pt-BR"},{"@type":"Organization","@id":"https:\/\/obenboppbrasil.com\/es\/#organization","name":"Vitopel","url":"https:\/\/obenboppbrasil.com\/es\/","logo":{"@type":"ImageObject","inLanguage":"pt-BR","@id":"https:\/\/obenboppbrasil.com\/es\/#\/schema\/logo\/image\/","url":"https:\/\/obengroup.o2ew.com\/es\/wp-content\/uploads\/2023\/10\/cropped-cropped-favico-180x180-1.png","contentUrl":"https:\/\/obengroup.o2ew.com\/es\/wp-content\/uploads\/2023\/10\/cropped-cropped-favico-180x180-1.png","width":512,"height":512,"caption":"Vitopel"},"image":{"@id":"https:\/\/obenboppbrasil.com\/es\/#\/schema\/logo\/image\/"},"sameAs":["https:\/\/www.facebook.com\/vitopelbopp\/","https:\/\/www.instagram.com\/vitopel_bopp\/","https:\/\/www.linkedin.com\/company\/vitopelbopp\/?viewAsMember=true"]}]}},"_links":{"self":[{"href":"https:\/\/obenboppbrasil.com\/es\/wp-json\/wp\/v2\/pages\/18118","targetHints":{"allow":["GET"]}}],"collection":[{"href":"https:\/\/obenboppbrasil.com\/es\/wp-json\/wp\/v2\/pages"}],"about":[{"href":"https:\/\/obenboppbrasil.com\/es\/wp-json\/wp\/v2\/types\/page"}],"author":[{"embeddable":true,"href":"https:\/\/obenboppbrasil.com\/es\/wp-json\/wp\/v2\/users\/1"}],"replies":[{"embeddable":true,"href":"https:\/\/obenboppbrasil.com\/es\/wp-json\/wp\/v2\/comments?post=18118"}],"version-history":[{"count":8,"href":"https:\/\/obenboppbrasil.com\/es\/wp-json\/wp\/v2\/pages\/18118\/revisions"}],"predecessor-version":[{"id":18128,"href":"https:\/\/obenboppbrasil.com\/es\/wp-json\/wp\/v2\/pages\/18118\/revisions\/18128"}],"wp:attachment":[{"href":"https:\/\/obenboppbrasil.com\/es\/wp-json\/wp\/v2\/media?parent=18118"}],"curies":[{"name":"wp","href":"https:\/\/api.w.org\/{rel}","templated":true}]}}