{"id":11566,"date":"2023-09-11T17:40:34","date_gmt":"2023-09-11T20:40:34","guid":{"rendered":"https:\/\/obengroup.o2ew.com\/es\/?page_id=11566"},"modified":"2025-11-14T15:13:23","modified_gmt":"2025-11-14T18:13:23","slug":"unidades","status":"publish","type":"page","link":"https:\/\/obenboppbrasil.com\/es\/unidades\/","title":{"rendered":"Unidades"},"content":{"rendered":"\t\t<div data-elementor-type=\"wp-page\" data-elementor-id=\"11566\" class=\"elementor elementor-11566\" data-elementor-post-type=\"page\">\n\t\t\t\t<div class=\"elementor-element elementor-element-23be568 e-flex e-con-boxed e-con e-parent\" data-id=\"23be568\" data-element_type=\"container\" data-e-type=\"container\" data-settings=\"{&quot;background_background&quot;:&quot;classic&quot;}\">\n\t\t\t\t\t<div class=\"e-con-inner\">\n\t\t\t\t<div class=\"elementor-element elementor-element-b2bb7c6 elementor-widget elementor-widget-heading\" data-id=\"b2bb7c6\" data-element_type=\"widget\" data-e-type=\"widget\" data-widget_type=\"heading.default\">\n\t\t\t\t<div class=\"elementor-widget-container\">\n\t\t\t\t\t<h2 class=\"elementor-heading-title elementor-size-default\">Unidades<\/h2>\t\t\t\t<\/div>\n\t\t\t\t<\/div>\n\t\t\t\t\t<\/div>\n\t\t\t\t<\/div>\n\t\t<div class=\"elementor-element elementor-element-5fa6890 e-flex e-con-boxed e-con e-parent\" data-id=\"5fa6890\" data-element_type=\"container\" data-e-type=\"container\" data-settings=\"{&quot;shape_divider_top&quot;:&quot;curve&quot;}\">\n\t\t\t\t\t<div class=\"e-con-inner\">\n\t\t\t\t<div class=\"elementor-shape elementor-shape-top\" aria-hidden=\"true\" data-negative=\"false\">\n\t\t\t<svg xmlns=\"http:\/\/www.w3.org\/2000\/svg\" viewBox=\"0 0 1000 100\" preserveAspectRatio=\"none\">\n    <path class=\"elementor-shape-fill\" d=\"M1000,4.3V0H0v4.3C0.9,23.1,126.7,99.2,500,100S1000,22.7,1000,4.3z\"\/>\n<\/svg>\t\t<\/div>\n\t\t<div class=\"elementor-element elementor-element-d7f84f6 e-flex e-con-boxed e-con e-child\" data-id=\"d7f84f6\" data-element_type=\"container\" data-e-type=\"container\">\n\t\t\t\t\t<div class=\"e-con-inner\">\n\t\t\t\t<div class=\"elementor-element elementor-element-1ab539e elementor-widget elementor-widget-heading\" data-id=\"1ab539e\" data-element_type=\"widget\" data-e-type=\"widget\" data-widget_type=\"heading.default\">\n\t\t\t\t<div class=\"elementor-widget-container\">\n\t\t\t\t\t<h1 class=\"elementor-heading-title elementor-size-default\">Nuestras unidades y contactos<\/h1>\t\t\t\t<\/div>\n\t\t\t\t<\/div>\n\t\t\t\t<div class=\"elementor-element elementor-element-7974496 elementor-widget-divider--view-line elementor-widget elementor-widget-divider\" data-id=\"7974496\" data-element_type=\"widget\" data-e-type=\"widget\" data-widget_type=\"divider.default\">\n\t\t\t\t<div class=\"elementor-widget-container\">\n\t\t\t\t\t\t\t<div class=\"elementor-divider\">\n\t\t\t<span class=\"elementor-divider-separator\">\n\t\t\t\t\t\t<\/span>\n\t\t<\/div>\n\t\t\t\t\t\t<\/div>\n\t\t\t\t<\/div>\n\t\t\t\t<div class=\"elementor-element elementor-element-f23e7d2 elementor-widget elementor-widget-text-editor\" data-id=\"f23e7d2\" data-element_type=\"widget\" data-e-type=\"widget\" data-widget_type=\"text-editor.default\">\n\t\t\t\t<div class=\"elementor-widget-container\">\n\t\t\t\t\t\t\t\t\t<p>Nuestras f\u00e1bricas est\u00e1n estrat\u00e9gicamente ubicadas en dos ciudades del estado de S\u00e3o Paulo, Mau\u00e1 y Votorantim, con f\u00e1cil acceso a las principales carreteras del pa\u00eds, garantizando rapidez y eficiencia en las entregas y en el servicio de atenci\u00f3n.\u00a0<\/p>\t\t\t\t\t\t\t\t<\/div>\n\t\t\t\t<\/div>\n\t\t\t\t\t<\/div>\n\t\t\t\t<\/div>\n\t\t\t\t\t<\/div>\n\t\t\t\t<\/div>\n\t\t<div class=\"elementor-element elementor-element-035553b e-con-full e-flex e-con e-parent\" data-id=\"035553b\" data-element_type=\"container\" data-e-type=\"container\">\n\t\t<div class=\"elementor-element elementor-element-1ccfeba e-con-full e-flex e-con e-child\" data-id=\"1ccfeba\" data-element_type=\"container\" data-e-type=\"container\">\n\t\t<div class=\"elementor-element elementor-element-636b9d5 e-flex e-con-boxed e-con e-child\" data-id=\"636b9d5\" data-element_type=\"container\" data-e-type=\"container\" data-settings=\"{&quot;background_background&quot;:&quot;classic&quot;}\">\n\t\t\t\t\t<div class=\"e-con-inner\">\n\t\t\t\t<div class=\"elementor-element elementor-element-23c6404 elementor-widget elementor-widget-heading\" data-id=\"23c6404\" data-element_type=\"widget\" data-e-type=\"widget\" data-widget_type=\"heading.default\">\n\t\t\t\t<div class=\"elementor-widget-container\">\n\t\t\t\t\t<h2 class=\"elementor-heading-title elementor-size-default\">Unidad Oben Brasil Mau\u00e1<br>\nOficina | Comercial<\/h2>\t\t\t\t<\/div>\n\t\t\t\t<\/div>\n\t\t\t\t<div class=\"elementor-element elementor-element-4b4f556 elementor-widget elementor-widget-heading\" data-id=\"4b4f556\" data-element_type=\"widget\" data-e-type=\"widget\" data-widget_type=\"heading.default\">\n\t\t\t\t<div class=\"elementor-widget-container\">\n\t\t\t\t\t<h4 class=\"elementor-heading-title elementor-size-default\"><span style=\"text-align: start\">Ubicaci\u00f3n:<\/span><\/h4>\t\t\t\t<\/div>\n\t\t\t\t<\/div>\n\t\t\t\t<div class=\"elementor-element elementor-element-501276b elementor-widget elementor-widget-text-editor\" data-id=\"501276b\" data-element_type=\"widget\" data-e-type=\"widget\" data-widget_type=\"text-editor.default\">\n\t\t\t\t<div class=\"elementor-widget-container\">\n\t\t\t\t\t\t\t\t\t<p>Av. Ayrton Senna da Silva, 2.037<br \/>Jd. Orat\u00f3rio Mau\u00e1 &#8211; SP &#8211; Brasil<br \/>CEP: 09380-440<\/p>\t\t\t\t\t\t\t\t<\/div>\n\t\t\t\t<\/div>\n\t\t\t\t<div class=\"elementor-element elementor-element-c87f100 elementor-widget elementor-widget-heading\" data-id=\"c87f100\" data-element_type=\"widget\" data-e-type=\"widget\" data-widget_type=\"heading.default\">\n\t\t\t\t<div class=\"elementor-widget-container\">\n\t\t\t\t\t<h4 class=\"elementor-heading-title elementor-size-default\">Tel\u00e9fono:<\/h4>\t\t\t\t<\/div>\n\t\t\t\t<\/div>\n\t\t\t\t<div class=\"elementor-element elementor-element-a9f88e1 elementor-widget elementor-widget-text-editor\" data-id=\"a9f88e1\" data-element_type=\"widget\" data-e-type=\"widget\" data-widget_type=\"text-editor.default\">\n\t\t\t\t<div class=\"elementor-widget-container\">\n\t\t\t\t\t\t\t\t\t<p>55 (11) 4977-7200<\/p>\t\t\t\t\t\t\t\t<\/div>\n\t\t\t\t<\/div>\n\t\t\t\t<div class=\"elementor-element elementor-element-22298c8 elementor-widget elementor-widget-heading\" data-id=\"22298c8\" data-element_type=\"widget\" data-e-type=\"widget\" data-widget_type=\"heading.default\">\n\t\t\t\t<div class=\"elementor-widget-container\">\n\t\t\t\t\t<h4 class=\"elementor-heading-title elementor-size-default\">Comercial:<\/h4>\t\t\t\t<\/div>\n\t\t\t\t<\/div>\n\t\t\t\t<div class=\"elementor-element elementor-element-4a79eee elementor-widget elementor-widget-text-editor\" data-id=\"4a79eee\" data-element_type=\"widget\" data-e-type=\"widget\" data-widget_type=\"text-editor.default\">\n\t\t\t\t<div class=\"elementor-widget-container\">\n\t\t\t\t\t\t\t\t\t<div class=\"unities__item-content\"><div class=\"unities__content-info\"><p>55 (11) 4977-7379<\/p><\/div><\/div>\t\t\t\t\t\t\t\t<\/div>\n\t\t\t\t<\/div>\n\t\t\t\t\t<\/div>\n\t\t\t\t<\/div>\n\t\t\t\t<\/div>\n\t\t<div class=\"elementor-element elementor-element-8bdfb72 e-con-full e-flex e-con e-child\" data-id=\"8bdfb72\" data-element_type=\"container\" data-e-type=\"container\">\n\t\t\t\t<div class=\"elementor-element elementor-element-b2ac036 elementor-widget elementor-widget-google_maps\" data-id=\"b2ac036\" data-element_type=\"widget\" data-e-type=\"widget\" data-widget_type=\"google_maps.default\">\n\t\t\t\t<div class=\"elementor-widget-container\">\n\t\t\t\t\t\t\t<div class=\"elementor-custom-embed\">\n\t\t\t<iframe\n\t\t\t\t\tdata-src=\"https:\/\/maps.google.com\/maps?q=Av.%20Ayrton%20Senna%20da%20Silva%2C%202037%20Jd.%20Orat%C3%B3rio%20Mau%C3%A1%20-%20SP%20-%20Brasil%20CEP%3A%2009380-440&#038;t=m&#038;z=16&#038;output=embed&#038;iwloc=near\"\n\t\t\t\t\ttitle=\"Av. Ayrton Senna da Silva, 2037 Jd. Orat\u00f3rio Mau\u00e1 - SP - Brasil CEP: 09380-440\"\n\t\t\t\t\taria-label=\"Av. Ayrton Senna da Silva, 2037 Jd. Orat\u00f3rio Mau\u00e1 - SP - Brasil CEP: 09380-440\"\n\t\t\t src=\"data:image\/svg+xml;base64,PHN2ZyB3aWR0aD0iMSIgaGVpZ2h0PSIxIiB4bWxucz0iaHR0cDovL3d3dy53My5vcmcvMjAwMC9zdmciPjwvc3ZnPg==\" class=\"lazyload\" data-load-mode=\"1\"><\/iframe>\n\t\t<\/div>\n\t\t\t\t\t\t<\/div>\n\t\t\t\t<\/div>\n\t\t\t\t<\/div>\n\t\t\t\t<\/div>\n\t\t<div class=\"elementor-element elementor-element-2c2c819 e-flex e-con-boxed e-con e-parent\" data-id=\"2c2c819\" data-element_type=\"container\" data-e-type=\"container\">\n\t\t\t\t\t<div class=\"e-con-inner\">\n\t\t\t\t<div class=\"elementor-element elementor-element-5fe45ce elementor-widget elementor-widget-spacer\" data-id=\"5fe45ce\" data-element_type=\"widget\" data-e-type=\"widget\" data-widget_type=\"spacer.default\">\n\t\t\t\t<div class=\"elementor-widget-container\">\n\t\t\t\t\t\t\t<div class=\"elementor-spacer\">\n\t\t\t<div class=\"elementor-spacer-inner\"><\/div>\n\t\t<\/div>\n\t\t\t\t\t\t<\/div>\n\t\t\t\t<\/div>\n\t\t\t\t\t<\/div>\n\t\t\t\t<\/div>\n\t\t<div class=\"elementor-element elementor-element-d007825 e-con-full e-flex e-con e-parent\" data-id=\"d007825\" data-element_type=\"container\" data-e-type=\"container\">\n\t\t<div class=\"elementor-element elementor-element-a3dace9 e-con-full e-flex e-con e-child\" data-id=\"a3dace9\" data-element_type=\"container\" data-e-type=\"container\">\n\t\t<div class=\"elementor-element elementor-element-2870d2b e-flex e-con-boxed e-con e-child\" data-id=\"2870d2b\" data-element_type=\"container\" data-e-type=\"container\" data-settings=\"{&quot;background_background&quot;:&quot;classic&quot;}\">\n\t\t\t\t\t<div class=\"e-con-inner\">\n\t\t\t\t<div class=\"elementor-element elementor-element-6db8edc elementor-widget elementor-widget-heading\" data-id=\"6db8edc\" data-element_type=\"widget\" data-e-type=\"widget\" data-widget_type=\"heading.default\">\n\t\t\t\t<div class=\"elementor-widget-container\">\n\t\t\t\t\t<h2 class=\"elementor-heading-title elementor-size-default\">Unidad Oben Brasil Votorantim<\/h2>\t\t\t\t<\/div>\n\t\t\t\t<\/div>\n\t\t\t\t<div class=\"elementor-element elementor-element-1c86f2b elementor-widget elementor-widget-heading\" data-id=\"1c86f2b\" data-element_type=\"widget\" data-e-type=\"widget\" data-widget_type=\"heading.default\">\n\t\t\t\t<div class=\"elementor-widget-container\">\n\t\t\t\t\t<h4 class=\"elementor-heading-title elementor-size-default\"><span style=\"text-align: start\">Ubicaci\u00f3n:<\/span><\/h4>\t\t\t\t<\/div>\n\t\t\t\t<\/div>\n\t\t\t\t<div class=\"elementor-element elementor-element-fc2d9b1 elementor-widget elementor-widget-text-editor\" data-id=\"fc2d9b1\" data-element_type=\"widget\" data-e-type=\"widget\" data-widget_type=\"text-editor.default\">\n\t\t\t\t<div class=\"elementor-widget-container\">\n\t\t\t\t\t\t\t\t\t<p>Rua Irma Ferraresi, s\/n\u00ba<br \/>Votorantim \u2013 SP \u2013 Brasil<br \/>CEP: 18115-350<\/p>\t\t\t\t\t\t\t\t<\/div>\n\t\t\t\t<\/div>\n\t\t\t\t<div class=\"elementor-element elementor-element-12a489e elementor-widget elementor-widget-heading\" data-id=\"12a489e\" data-element_type=\"widget\" data-e-type=\"widget\" data-widget_type=\"heading.default\">\n\t\t\t\t<div class=\"elementor-widget-container\">\n\t\t\t\t\t<h4 class=\"elementor-heading-title elementor-size-default\"><span style=\"text-align: start\">Tel\u00e9fono:<\/span><\/h4>\t\t\t\t<\/div>\n\t\t\t\t<\/div>\n\t\t\t\t<div class=\"elementor-element elementor-element-06ea37d elementor-widget elementor-widget-text-editor\" data-id=\"06ea37d\" data-element_type=\"widget\" data-e-type=\"widget\" data-widget_type=\"text-editor.default\">\n\t\t\t\t<div class=\"elementor-widget-container\">\n\t\t\t\t\t\t\t\t\t<p>55 (15) 3242-9800<\/p>\t\t\t\t\t\t\t\t<\/div>\n\t\t\t\t<\/div>\n\t\t\t\t\t<\/div>\n\t\t\t\t<\/div>\n\t\t\t\t<\/div>\n\t\t<div class=\"elementor-element elementor-element-1a4218b e-con-full e-flex e-con e-child\" data-id=\"1a4218b\" data-element_type=\"container\" data-e-type=\"container\">\n\t\t\t\t<div class=\"elementor-element elementor-element-007f9eb elementor-widget elementor-widget-google_maps\" data-id=\"007f9eb\" data-element_type=\"widget\" data-e-type=\"widget\" data-widget_type=\"google_maps.default\">\n\t\t\t\t<div class=\"elementor-widget-container\">\n\t\t\t\t\t\t\t<div class=\"elementor-custom-embed\">\n\t\t\t<iframe\n\t\t\t\t\tdata-src=\"https:\/\/maps.google.com\/maps?q=Vitopel%20do%20Brasil%20Ltda%20R.%20Irm%C3%A3%20Ferrarese%20-%20Vila%20Votocel%2C%20Votorantim%20-%20SP%2C%2018115-350&#038;t=m&#038;z=16&#038;output=embed&#038;iwloc=near\"\n\t\t\t\t\ttitle=\"Vitopel do Brasil Ltda R. Irm\u00e3 Ferrarese - Vila Votocel, Votorantim - SP, 18115-350\"\n\t\t\t\t\taria-label=\"Vitopel do Brasil Ltda R. Irm\u00e3 Ferrarese - Vila Votocel, Votorantim - SP, 18115-350\"\n\t\t\t src=\"data:image\/svg+xml;base64,PHN2ZyB3aWR0aD0iMSIgaGVpZ2h0PSIxIiB4bWxucz0iaHR0cDovL3d3dy53My5vcmcvMjAwMC9zdmciPjwvc3ZnPg==\" class=\"lazyload\" data-load-mode=\"1\"><\/iframe>\n\t\t<\/div>\n\t\t\t\t\t\t<\/div>\n\t\t\t\t<\/div>\n\t\t\t\t<\/div>\n\t\t\t\t<\/div>\n\t\t\t\t<\/div>\n\t\t","protected":false},"excerpt":{"rendered":"<p>Nuestras unidades y contactos Nuestras f\u00e1bricas est\u00e1n estrat\u00e9gicamente ubicadas en dos ciudades del estado de S\u00e3o Paulo, Mau\u00e1 y Votorantim, con f\u00e1cil acceso a las principales carreteras del pa\u00eds, garantizando rapidez y eficiencia en las entregas y en el servicio de atenci\u00f3n.\u00a0 Unidad Oben Brasil Mau\u00e1 Oficina | Comercial Ubicaci\u00f3n: Av. Ayrton Senna da Silva, [&hellip;]<\/p>\n","protected":false},"author":1,"featured_media":0,"parent":0,"menu_order":0,"comment_status":"closed","ping_status":"closed","template":"","meta":{"_acf_changed":false,"footnotes":""},"class_list":["post-11566","page","type-page","status-publish","hentry"],"acf":[],"yoast_head":"<!-- This site is optimized with the Yoast SEO plugin v27.5 - https:\/\/yoast.com\/product\/yoast-seo-wordpress\/ -->\n<title>Unidades - Oben Group<\/title>\n<meta name=\"robots\" content=\"index, follow, max-snippet:-1, max-image-preview:large, max-video-preview:-1\" \/>\n<link rel=\"canonical\" href=\"https:\/\/obenboppbrasil.com\/es\/unidades\/\" \/>\n<meta property=\"og:locale\" content=\"pt_BR\" \/>\n<meta property=\"og:type\" content=\"article\" \/>\n<meta property=\"og:title\" content=\"Unidades - Oben Group\" \/>\n<meta property=\"og:description\" content=\"Nuestras unidades y contactos Nuestras f\u00e1bricas est\u00e1n estrat\u00e9gicamente ubicadas en dos ciudades del estado de S\u00e3o Paulo, Mau\u00e1 y Votorantim, con f\u00e1cil acceso a las principales carreteras del pa\u00eds, garantizando rapidez y eficiencia en las entregas y en el servicio de atenci\u00f3n.\u00a0 Unidad Oben Brasil Mau\u00e1 Oficina | Comercial Ubicaci\u00f3n: Av. Ayrton Senna da Silva, [&hellip;]\" \/>\n<meta property=\"og:url\" content=\"https:\/\/obenboppbrasil.com\/es\/unidades\/\" \/>\n<meta property=\"og:site_name\" content=\"Oben Group\" \/>\n<meta property=\"article:publisher\" content=\"https:\/\/www.facebook.com\/vitopelbopp\/\" \/>\n<meta property=\"article:modified_time\" content=\"2025-11-14T18:13:23+00:00\" \/>\n<meta name=\"twitter:card\" content=\"summary_large_image\" \/>\n<meta name=\"twitter:label1\" content=\"Est. tempo de leitura\" \/>\n\t<meta name=\"twitter:data1\" content=\"1 minuto\" \/>\n<script type=\"application\/ld+json\" class=\"yoast-schema-graph\">{\"@context\":\"https:\\\/\\\/schema.org\",\"@graph\":[{\"@type\":\"WebPage\",\"@id\":\"https:\\\/\\\/obenboppbrasil.com\\\/es\\\/unidades\\\/\",\"url\":\"https:\\\/\\\/obenboppbrasil.com\\\/es\\\/unidades\\\/\",\"name\":\"Unidades - Oben Group\",\"isPartOf\":{\"@id\":\"https:\\\/\\\/obenboppbrasil.com\\\/es\\\/#website\"},\"datePublished\":\"2023-09-11T20:40:34+00:00\",\"dateModified\":\"2025-11-14T18:13:23+00:00\",\"breadcrumb\":{\"@id\":\"https:\\\/\\\/obenboppbrasil.com\\\/es\\\/unidades\\\/#breadcrumb\"},\"inLanguage\":\"pt-BR\",\"potentialAction\":[{\"@type\":\"ReadAction\",\"target\":[\"https:\\\/\\\/obenboppbrasil.com\\\/es\\\/unidades\\\/\"]}]},{\"@type\":\"BreadcrumbList\",\"@id\":\"https:\\\/\\\/obenboppbrasil.com\\\/es\\\/unidades\\\/#breadcrumb\",\"itemListElement\":[{\"@type\":\"ListItem\",\"position\":1,\"name\":\"In\u00edcio\",\"item\":\"https:\\\/\\\/obenboppbrasil.com\\\/es\\\/\"},{\"@type\":\"ListItem\",\"position\":2,\"name\":\"Unidades\"}]},{\"@type\":\"WebSite\",\"@id\":\"https:\\\/\\\/obenboppbrasil.com\\\/es\\\/#website\",\"url\":\"https:\\\/\\\/obenboppbrasil.com\\\/es\\\/\",\"name\":\"Vitopel\",\"description\":\"\",\"publisher\":{\"@id\":\"https:\\\/\\\/obenboppbrasil.com\\\/es\\\/#organization\"},\"potentialAction\":[{\"@type\":\"SearchAction\",\"target\":{\"@type\":\"EntryPoint\",\"urlTemplate\":\"https:\\\/\\\/obenboppbrasil.com\\\/es\\\/?s={search_term_string}\"},\"query-input\":{\"@type\":\"PropertyValueSpecification\",\"valueRequired\":true,\"valueName\":\"search_term_string\"}}],\"inLanguage\":\"pt-BR\"},{\"@type\":\"Organization\",\"@id\":\"https:\\\/\\\/obenboppbrasil.com\\\/es\\\/#organization\",\"name\":\"Vitopel\",\"url\":\"https:\\\/\\\/obenboppbrasil.com\\\/es\\\/\",\"logo\":{\"@type\":\"ImageObject\",\"inLanguage\":\"pt-BR\",\"@id\":\"https:\\\/\\\/obenboppbrasil.com\\\/es\\\/#\\\/schema\\\/logo\\\/image\\\/\",\"url\":\"https:\\\/\\\/obengroup.o2ew.com\\\/es\\\/wp-content\\\/uploads\\\/2023\\\/10\\\/cropped-cropped-favico-180x180-1.png\",\"contentUrl\":\"https:\\\/\\\/obengroup.o2ew.com\\\/es\\\/wp-content\\\/uploads\\\/2023\\\/10\\\/cropped-cropped-favico-180x180-1.png\",\"width\":512,\"height\":512,\"caption\":\"Vitopel\"},\"image\":{\"@id\":\"https:\\\/\\\/obenboppbrasil.com\\\/es\\\/#\\\/schema\\\/logo\\\/image\\\/\"},\"sameAs\":[\"https:\\\/\\\/www.facebook.com\\\/vitopelbopp\\\/\",\"https:\\\/\\\/www.instagram.com\\\/vitopel_bopp\\\/\",\"https:\\\/\\\/www.linkedin.com\\\/company\\\/vitopelbopp\\\/?viewAsMember=true\"]}]}<\/script>\n<!-- \/ Yoast SEO plugin. -->","yoast_head_json":{"title":"Unidades - Oben Group","robots":{"index":"index","follow":"follow","max-snippet":"max-snippet:-1","max-image-preview":"max-image-preview:large","max-video-preview":"max-video-preview:-1"},"canonical":"https:\/\/obenboppbrasil.com\/es\/unidades\/","og_locale":"pt_BR","og_type":"article","og_title":"Unidades - Oben Group","og_description":"Nuestras unidades y contactos Nuestras f\u00e1bricas est\u00e1n estrat\u00e9gicamente ubicadas en dos ciudades del estado de S\u00e3o Paulo, Mau\u00e1 y Votorantim, con f\u00e1cil acceso a las principales carreteras del pa\u00eds, garantizando rapidez y eficiencia en las entregas y en el servicio de atenci\u00f3n.\u00a0 Unidad Oben Brasil Mau\u00e1 Oficina | Comercial Ubicaci\u00f3n: Av. Ayrton Senna da Silva, [&hellip;]","og_url":"https:\/\/obenboppbrasil.com\/es\/unidades\/","og_site_name":"Oben Group","article_publisher":"https:\/\/www.facebook.com\/vitopelbopp\/","article_modified_time":"2025-11-14T18:13:23+00:00","twitter_card":"summary_large_image","twitter_misc":{"Est. tempo de leitura":"1 minuto"},"schema":{"@context":"https:\/\/schema.org","@graph":[{"@type":"WebPage","@id":"https:\/\/obenboppbrasil.com\/es\/unidades\/","url":"https:\/\/obenboppbrasil.com\/es\/unidades\/","name":"Unidades - Oben Group","isPartOf":{"@id":"https:\/\/obenboppbrasil.com\/es\/#website"},"datePublished":"2023-09-11T20:40:34+00:00","dateModified":"2025-11-14T18:13:23+00:00","breadcrumb":{"@id":"https:\/\/obenboppbrasil.com\/es\/unidades\/#breadcrumb"},"inLanguage":"pt-BR","potentialAction":[{"@type":"ReadAction","target":["https:\/\/obenboppbrasil.com\/es\/unidades\/"]}]},{"@type":"BreadcrumbList","@id":"https:\/\/obenboppbrasil.com\/es\/unidades\/#breadcrumb","itemListElement":[{"@type":"ListItem","position":1,"name":"In\u00edcio","item":"https:\/\/obenboppbrasil.com\/es\/"},{"@type":"ListItem","position":2,"name":"Unidades"}]},{"@type":"WebSite","@id":"https:\/\/obenboppbrasil.com\/es\/#website","url":"https:\/\/obenboppbrasil.com\/es\/","name":"Vitopel","description":"","publisher":{"@id":"https:\/\/obenboppbrasil.com\/es\/#organization"},"potentialAction":[{"@type":"SearchAction","target":{"@type":"EntryPoint","urlTemplate":"https:\/\/obenboppbrasil.com\/es\/?s={search_term_string}"},"query-input":{"@type":"PropertyValueSpecification","valueRequired":true,"valueName":"search_term_string"}}],"inLanguage":"pt-BR"},{"@type":"Organization","@id":"https:\/\/obenboppbrasil.com\/es\/#organization","name":"Vitopel","url":"https:\/\/obenboppbrasil.com\/es\/","logo":{"@type":"ImageObject","inLanguage":"pt-BR","@id":"https:\/\/obenboppbrasil.com\/es\/#\/schema\/logo\/image\/","url":"https:\/\/obengroup.o2ew.com\/es\/wp-content\/uploads\/2023\/10\/cropped-cropped-favico-180x180-1.png","contentUrl":"https:\/\/obengroup.o2ew.com\/es\/wp-content\/uploads\/2023\/10\/cropped-cropped-favico-180x180-1.png","width":512,"height":512,"caption":"Vitopel"},"image":{"@id":"https:\/\/obenboppbrasil.com\/es\/#\/schema\/logo\/image\/"},"sameAs":["https:\/\/www.facebook.com\/vitopelbopp\/","https:\/\/www.instagram.com\/vitopel_bopp\/","https:\/\/www.linkedin.com\/company\/vitopelbopp\/?viewAsMember=true"]}]}},"_links":{"self":[{"href":"https:\/\/obenboppbrasil.com\/es\/wp-json\/wp\/v2\/pages\/11566","targetHints":{"allow":["GET"]}}],"collection":[{"href":"https:\/\/obenboppbrasil.com\/es\/wp-json\/wp\/v2\/pages"}],"about":[{"href":"https:\/\/obenboppbrasil.com\/es\/wp-json\/wp\/v2\/types\/page"}],"author":[{"embeddable":true,"href":"https:\/\/obenboppbrasil.com\/es\/wp-json\/wp\/v2\/users\/1"}],"replies":[{"embeddable":true,"href":"https:\/\/obenboppbrasil.com\/es\/wp-json\/wp\/v2\/comments?post=11566"}],"version-history":[{"count":61,"href":"https:\/\/obenboppbrasil.com\/es\/wp-json\/wp\/v2\/pages\/11566\/revisions"}],"predecessor-version":[{"id":18043,"href":"https:\/\/obenboppbrasil.com\/es\/wp-json\/wp\/v2\/pages\/11566\/revisions\/18043"}],"wp:attachment":[{"href":"https:\/\/obenboppbrasil.com\/es\/wp-json\/wp\/v2\/media?parent=11566"}],"curies":[{"name":"wp","href":"https:\/\/api.w.org\/{rel}","templated":true}]}}